{"id":3892,"date":"2020-01-13T11:17:52","date_gmt":"2020-01-13T11:17:52","guid":{"rendered":"https:\/\/demosites.io\/web-agency-gb\/?page_id=5"},"modified":"2022-07-07T21:04:51","modified_gmt":"2022-07-07T21:04:51","slug":"15c42-web-agency-gb-home","status":"publish","type":"page","link":"https:\/\/obsddhh.ufpso.edu.co\/","title":{"rendered":"Inicio"},"content":{"rendered":"\n<div class=\"wp-block-cover alignfull\" style=\"min-height:700px;aspect-ratio:unset;\"><span aria-hidden=\"true\" class=\"wp-block-cover__background has-background-dim-60 has-background-dim\"><\/span><img loading=\"lazy\" decoding=\"async\" width=\"1280\" height=\"896\" class=\"wp-block-cover__image-background wp-image-3919\" alt=\"\" src=\"https:\/\/obsddhh.ufpso.edu.co\/wp-content\/uploads\/2021\/04\/153326332_4130011513684519_2069923730120190973_n.jpg\" style=\"object-position:50% 53%\" data-object-fit=\"cover\" data-object-position=\"50% 53%\" srcset=\"https:\/\/obsddhh.ufpso.edu.co\/wp-content\/uploads\/2021\/04\/153326332_4130011513684519_2069923730120190973_n.jpg 1280w, https:\/\/obsddhh.ufpso.edu.co\/wp-content\/uploads\/2021\/04\/153326332_4130011513684519_2069923730120190973_n-300x210.jpg 300w, https:\/\/obsddhh.ufpso.edu.co\/wp-content\/uploads\/2021\/04\/153326332_4130011513684519_2069923730120190973_n-1024x717.jpg 1024w, https:\/\/obsddhh.ufpso.edu.co\/wp-content\/uploads\/2021\/04\/153326332_4130011513684519_2069923730120190973_n-768x538.jpg 768w\" sizes=\"auto, (max-width: 1280px) 100vw, 1280px\" \/><div class=\"wp-block-cover__inner-container is-layout-flow wp-block-cover-is-layout-flow\">\n<div style=\"height:80px\" aria-hidden=\"true\" class=\"wp-block-spacer\"><\/div>\n\n\n\n<h1 class=\"has-text-align-center has-nv-site-bg-color has-text-color wp-block-heading\">Observatorio de Derechos Humanos<\/h1>\n\n\n\n<p class=\"has-text-align-center has-nv-site-bg-color has-text-color\" style=\"font-size:17px\">El <strong>Observatorio de Derechos Humanos <\/strong>es un centro de estudios del Departamento de Derecho y Ciencias Pol\u00edticas de la Universidad Francisco de Paula Santander Oca\u00f1a. Los Derechos y los datos desde 2016.<\/p>\n\n\n\n<div class=\"wp-block-buttons is-horizontal is-content-justification-center is-layout-flex wp-container-core-buttons-is-layout-1 wp-block-buttons-is-layout-flex\">\n<div class=\"wp-block-button is-style-primary\"><a class=\"wp-block-button__link has-nv-site-bg-color has-text-color has-background\" href=\"https:\/\/obsddhh.ufpso.edu.co\/?page_id=3953\" style=\"background-color:#d41224\">Nuestros estudios<\/a><\/div>\n<\/div>\n\n\n\n<div style=\"height:80px\" aria-hidden=\"true\" class=\"wp-block-spacer\"><\/div>\n\n\n\n<div style=\"height:80px\" aria-hidden=\"true\" class=\"wp-block-spacer\"><\/div>\n<\/div><\/div>\n\n\n\n<div style=\"height:80px\" aria-hidden=\"true\" class=\"wp-block-spacer\"><\/div>\n\n\n\n<div class=\"wp-block-columns is-layout-flex wp-container-core-columns-is-layout-1 wp-block-columns-is-layout-flex\">\n<div class=\"wp-block-column is-layout-flow wp-block-column-is-layout-flow\"><div class=\"wp-block-image icon-style is-style-rounded\">\n<figure class=\"aligncenter size-large is-resized\"><img loading=\"lazy\" decoding=\"async\" src=\"https:\/\/s33834.pcdn.co\/wp-content\/uploads\/2020\/12\/check-solid-1.svg\" alt=\"\" width=\"64\" height=\"64\"\/><\/figure><\/div>\n\n\n<h3 class=\"has-text-align-center has-neve-text-color-color has-text-color wp-block-heading\">\u00c1rea T\u00e9cnica<\/h3>\n\n\n\n<p class=\"has-text-align-center\">Almacenar, clasificar y consultar de manera permanente las bases de datos para elaborar recomendaciones y estructurar oportunidades de mejora en la construcci\u00f3n de pol\u00edticas p\u00fablicas de la regi\u00f3n.<\/p>\n\n\n\n<div style=\"height:20px\" aria-hidden=\"true\" class=\"wp-block-spacer\"><\/div>\n<\/div>\n\n\n\n<div class=\"wp-block-column is-layout-flow wp-block-column-is-layout-flow\"><div class=\"wp-block-image icon-style is-style-default\">\n<figure class=\"aligncenter size-large is-resized\"><img loading=\"lazy\" decoding=\"async\" src=\"https:\/\/obsddhh.ufpso.edu.co\/wp-content\/uploads\/2021\/12\/59cfc4d2d3b1936210a5ddc7-1024x1024.png\" alt=\"\" class=\"wp-image-3967\" width=\"64\" height=\"64\" srcset=\"https:\/\/obsddhh.ufpso.edu.co\/wp-content\/uploads\/2021\/12\/59cfc4d2d3b1936210a5ddc7.png 1024w, https:\/\/obsddhh.ufpso.edu.co\/wp-content\/uploads\/2021\/12\/59cfc4d2d3b1936210a5ddc7-300x300.png 300w, https:\/\/obsddhh.ufpso.edu.co\/wp-content\/uploads\/2021\/12\/59cfc4d2d3b1936210a5ddc7-150x150.png 150w, https:\/\/obsddhh.ufpso.edu.co\/wp-content\/uploads\/2021\/12\/59cfc4d2d3b1936210a5ddc7-768x768.png 768w\" sizes=\"auto, (max-width: 64px) 100vw, 64px\" \/><\/figure><\/div>\n\n\n<h3 class=\"has-text-align-center has-neve-text-color-color has-text-color wp-block-heading\">Investigaci\u00f3n<\/h3>\n\n\n\n<p class=\"has-text-align-center\">Proponer opciones jur\u00eddicas y pol\u00edticas que permitan mitigar los factores que facilitan la realizaci\u00f3n de actos atentatorios contra los Derechos Humanos de la poblaci\u00f3n de Oca\u00f1a y el Catatumbo.<\/p>\n\n\n\n<div style=\"height:20px\" aria-hidden=\"true\" class=\"wp-block-spacer\"><\/div>\n<\/div>\n\n\n\n<div class=\"wp-block-column is-layout-flow wp-block-column-is-layout-flow\"><div class=\"wp-block-image icon-style is-style-default\">\n<figure class=\"aligncenter size-large is-resized\"><img loading=\"lazy\" decoding=\"async\" src=\"https:\/\/obsddhh.ufpso.edu.co\/wp-content\/uploads\/2021\/12\/pngegg-2-1024x1024.png\" alt=\"\" class=\"wp-image-3968\" width=\"64\" height=\"64\" srcset=\"https:\/\/obsddhh.ufpso.edu.co\/wp-content\/uploads\/2021\/12\/pngegg-2-1024x1024.png 1024w, https:\/\/obsddhh.ufpso.edu.co\/wp-content\/uploads\/2021\/12\/pngegg-2-300x300.png 300w, https:\/\/obsddhh.ufpso.edu.co\/wp-content\/uploads\/2021\/12\/pngegg-2-150x150.png 150w, https:\/\/obsddhh.ufpso.edu.co\/wp-content\/uploads\/2021\/12\/pngegg-2-768x768.png 768w, https:\/\/obsddhh.ufpso.edu.co\/wp-content\/uploads\/2021\/12\/pngegg-2-1536x1536.png 1536w, https:\/\/obsddhh.ufpso.edu.co\/wp-content\/uploads\/2021\/12\/pngegg-2-2048x2048.png 2048w\" sizes=\"auto, (max-width: 64px) 100vw, 64px\" \/><\/figure><\/div>\n\n\n<h3 class=\"has-text-align-center has-neve-text-color-color has-text-color wp-block-heading\">Publicaci\u00f3n<\/h3>\n\n\n\n<p class=\"has-text-align-center\">Generar productos investigativos derivado del estudio y comprensi\u00f3n de los diferentes factores generadores de violaciones a los Derechos Humanos en el territorio de influencia.<\/p>\n\n\n\n<div style=\"height:20px\" aria-hidden=\"true\" class=\"wp-block-spacer\"><\/div>\n<\/div>\n<\/div>\n\n\n\n<div class=\"wp-block-columns is-layout-flex wp-container-core-columns-is-layout-2 wp-block-columns-is-layout-flex\">\n<div class=\"wp-block-column is-layout-flow wp-block-column-is-layout-flow\" style=\"flex-basis:100%\">\n<div class=\"wp-block-group\"><div class=\"wp-block-group__inner-container is-layout-flow wp-block-group-is-layout-flow\"><ul class=\"wp-block-latest-posts__list wp-block-latest-posts\"><li><a class=\"wp-block-latest-posts__post-title\" href=\"https:\/\/obsddhh.ufpso.edu.co\/?p=4401\">Encuentro Regional de Juventud: Catatumbo Activo.<\/a><\/li>\n<li><a class=\"wp-block-latest-posts__post-title\" href=\"https:\/\/obsddhh.ufpso.edu.co\/?p=4397\">47 Jornadas Internacionales de Derecho Penal y Constitucional<\/a><\/li>\n<li><a class=\"wp-block-latest-posts__post-title\" href=\"https:\/\/obsddhh.ufpso.edu.co\/?p=4393\">III Seminario Regional ICON-S Colombia: El derecho constitucional desde los Santander<\/a><\/li>\n<li><a class=\"wp-block-latest-posts__post-title\" href=\"https:\/\/obsddhh.ufpso.edu.co\/?p=4388\">II FORO DE RESILIENCIA POR LA PAZ<\/a><\/li>\n<li><a class=\"wp-block-latest-posts__post-title\" href=\"https:\/\/obsddhh.ufpso.edu.co\/?p=4385\">Boletin informativo:<\/a><\/li>\n<\/ul><\/div><\/div>\n<\/div>\n<\/div>\n\n\n\n<div class=\"wp-block-cover alignfull\" style=\"min-height:600px;aspect-ratio:unset;\"><span aria-hidden=\"true\" class=\"wp-block-cover__background has-nv-light-bg-background-color has-background-dim-100 has-background-dim\"><\/span><div class=\"wp-block-cover__inner-container is-layout-flow wp-block-cover-is-layout-flow\">\n<div class=\"wp-block-group\"><div class=\"wp-block-group__inner-container is-layout-flow wp-block-group-is-layout-flow\">\n<div style=\"height:80px\" aria-hidden=\"true\" class=\"wp-block-spacer\"><\/div>\n\n\n\n<div class=\"wp-block-columns are-vertically-aligned-center is-layout-flex wp-container-core-columns-is-layout-3 wp-block-columns-is-layout-flex\">\n<div class=\"wp-block-column is-vertically-aligned-center is-layout-flow wp-block-column-is-layout-flow\" style=\"flex-basis:50%\">\n<figure class=\"wp-block-gallery has-nested-images columns-default is-cropped wp-block-gallery-1 is-layout-flex wp-block-gallery-is-layout-flex\">\n<figure class=\"wp-block-image size-large\"><img loading=\"lazy\" decoding=\"async\" width=\"725\" height=\"1024\" src=\"https:\/\/obsddhh.ufpso.edu.co\/wp-content\/uploads\/2022\/07\/282578478_500821851779642_1102331241454660647_n-725x1024.jpg\" alt=\"\" class=\"wp-image-4131\" srcset=\"https:\/\/obsddhh.ufpso.edu.co\/wp-content\/uploads\/2022\/07\/282578478_500821851779642_1102331241454660647_n-725x1024.jpg 725w, https:\/\/obsddhh.ufpso.edu.co\/wp-content\/uploads\/2022\/07\/282578478_500821851779642_1102331241454660647_n-212x300.jpg 212w, https:\/\/obsddhh.ufpso.edu.co\/wp-content\/uploads\/2022\/07\/282578478_500821851779642_1102331241454660647_n-768x1085.jpg 768w, https:\/\/obsddhh.ufpso.edu.co\/wp-content\/uploads\/2022\/07\/282578478_500821851779642_1102331241454660647_n-1087x1536.jpg 1087w, https:\/\/obsddhh.ufpso.edu.co\/wp-content\/uploads\/2022\/07\/282578478_500821851779642_1102331241454660647_n.jpg 1449w\" sizes=\"auto, (max-width: 725px) 100vw, 725px\" \/><\/figure>\n<\/figure>\n<\/div>\n\n\n\n<div class=\"wp-block-column is-vertically-aligned-center is-layout-flow wp-block-column-is-layout-flow\" style=\"flex-basis:50%\">\n<div style=\"height:20px\" aria-hidden=\"true\" class=\"wp-block-spacer\"><\/div>\n\n\n\n<h2 class=\"has-text-align-left has-neve-text-color-color has-text-color wp-block-heading\">Democracia en crisis<\/h2>\n\n\n\n<p class=\"has-text-align-left has-neve-text-color-color has-text-color\" style=\"font-size:17px\">An\u00e1lisis de las perspectivas pol\u00edticas en Oca\u00f1a, Norte de Santander. Revisa nuestra presentaci\u00f3n del Bar\u00f3metro Oca\u00f1a 2021<\/p>\n\n\n\n<div class=\"wp-block-buttons is-horizontal is-content-justification-left is-layout-flex wp-container-core-buttons-is-layout-2 wp-block-buttons-is-layout-flex\">\n<div class=\"wp-block-button is-style-primary\"><a class=\"wp-block-button__link has-nv-site-bg-color has-text-color has-background\" href=\"https:\/\/obsddhh.ufpso.edu.co\/?page_id=3952\" style=\"background-color:#d41224\">Ver m\u00e1s<\/a><\/div>\n<\/div>\n<\/div>\n<\/div>\n<\/div><\/div>\n<\/div><\/div>\n\n\n\n<div class=\"wp-block-cover alignfull\" style=\"min-height:209px;aspect-ratio:unset;\"><span aria-hidden=\"true\" class=\"wp-block-cover__background has-nv-light-bg-background-color has-background-dim-100 has-background-dim\"><\/span><div class=\"wp-block-cover__inner-container is-layout-flow wp-block-cover-is-layout-flow\">\n<div class=\"wp-block-columns alignfull is-layout-flex wp-container-core-columns-is-layout-4 wp-block-columns-is-layout-flex\">\n<div class=\"wp-block-column is-layout-flow wp-block-column-is-layout-flow\"><\/div>\n\n\n\n<div class=\"wp-block-column is-layout-flow wp-block-column-is-layout-flow\"><\/div>\n<\/div>\n\n\n\n<h2 class=\"has-text-align-center wp-block-heading\"><mark style=\"background-color:rgba(0, 0, 0, 0)\" class=\"has-inline-color has-nv-dark-bg-color\">NUESTRAS REDES<\/mark><\/h2>\n\n\n\n<div class=\"wp-block-columns is-layout-flex wp-container-core-columns-is-layout-5 wp-block-columns-is-layout-flex\">\n<div class=\"wp-block-column is-layout-flow wp-block-column-is-layout-flow\">\n<ul class=\"wp-block-social-links aligncenter has-normal-icon-size has-icon-color is-style-logos-only is-layout-flex wp-block-social-links-is-layout-flex\"><li style=\"color: var(--nv-primary-accent); \" class=\"wp-social-link wp-social-link-facebook has-neve-link-color-color wp-block-social-link\"><a rel=\"noopener nofollow\" target=\"_blank\" href=\"https:\/\/www.facebook.com\/Observatorio-de-Derechos-Humanos-UFPSO-107601341101697\" class=\"wp-block-social-link-anchor\"><svg width=\"24\" height=\"24\" viewBox=\"0 0 24 24\" version=\"1.1\" xmlns=\"http:\/\/www.w3.org\/2000\/svg\" aria-hidden=\"true\" focusable=\"false\"><path d=\"M12 2C6.5 2 2 6.5 2 12c0 5 3.7 9.1 8.4 9.9v-7H7.9V12h2.5V9.8c0-2.5 1.5-3.9 3.8-3.9 1.1 0 2.2.2 2.2.2v2.5h-1.3c-1.2 0-1.6.8-1.6 1.6V12h2.8l-.4 2.9h-2.3v7C18.3 21.1 22 17 22 12c0-5.5-4.5-10-10-10z\"><\/path><\/svg><span class=\"wp-block-social-link-label screen-reader-text\">Facebook<\/span><\/a><\/li>\n\n<li style=\"color: var(--nv-primary-accent); \" class=\"wp-social-link wp-social-link-youtube has-neve-link-color-color wp-block-social-link\"><a rel=\"noopener nofollow\" target=\"_blank\" href=\"https:\/\/www.youtube.com\/channel\/UCDWyMVzp5W4Z7Ejl-NJv_cw\" class=\"wp-block-social-link-anchor\"><svg width=\"24\" height=\"24\" viewBox=\"0 0 24 24\" version=\"1.1\" xmlns=\"http:\/\/www.w3.org\/2000\/svg\" aria-hidden=\"true\" focusable=\"false\"><path d=\"M21.8,8.001c0,0-0.195-1.378-0.795-1.985c-0.76-0.797-1.613-0.801-2.004-0.847c-2.799-0.202-6.997-0.202-6.997-0.202 h-0.009c0,0-4.198,0-6.997,0.202C4.608,5.216,3.756,5.22,2.995,6.016C2.395,6.623,2.2,8.001,2.2,8.001S2,9.62,2,11.238v1.517 c0,1.618,0.2,3.237,0.2,3.237s0.195,1.378,0.795,1.985c0.761,0.797,1.76,0.771,2.205,0.855c1.6,0.153,6.8,0.201,6.8,0.201 s4.203-0.006,7.001-0.209c0.391-0.047,1.243-0.051,2.004-0.847c0.6-0.607,0.795-1.985,0.795-1.985s0.2-1.618,0.2-3.237v-1.517 C22,9.62,21.8,8.001,21.8,8.001z M9.935,14.594l-0.001-5.62l5.404,2.82L9.935,14.594z\"><\/path><\/svg><span class=\"wp-block-social-link-label screen-reader-text\">YouTube<\/span><\/a><\/li>\n\n<li style=\"color: var(--nv-primary-accent); \" class=\"wp-social-link wp-social-link-twitter has-neve-link-color-color wp-block-social-link\"><a rel=\"noopener nofollow\" target=\"_blank\" href=\"https:\/\/twitter.com\/Obs_DDHH\" class=\"wp-block-social-link-anchor\"><svg width=\"24\" height=\"24\" viewBox=\"0 0 24 24\" version=\"1.1\" xmlns=\"http:\/\/www.w3.org\/2000\/svg\" aria-hidden=\"true\" focusable=\"false\"><path d=\"M22.23,5.924c-0.736,0.326-1.527,0.547-2.357,0.646c0.847-0.508,1.498-1.312,1.804-2.27 c-0.793,0.47-1.671,0.812-2.606,0.996C18.324,4.498,17.257,4,16.077,4c-2.266,0-4.103,1.837-4.103,4.103 c0,0.322,0.036,0.635,0.106,0.935C8.67,8.867,5.647,7.234,3.623,4.751C3.27,5.357,3.067,6.062,3.067,6.814 c0,1.424,0.724,2.679,1.825,3.415c-0.673-0.021-1.305-0.206-1.859-0.513c0,0.017,0,0.034,0,0.052c0,1.988,1.414,3.647,3.292,4.023 c-0.344,0.094-0.707,0.144-1.081,0.144c-0.264,0-0.521-0.026-0.772-0.074c0.522,1.63,2.038,2.816,3.833,2.85 c-1.404,1.1-3.174,1.756-5.096,1.756c-0.331,0-0.658-0.019-0.979-0.057c1.816,1.164,3.973,1.843,6.29,1.843 c7.547,0,11.675-6.252,11.675-11.675c0-0.178-0.004-0.355-0.012-0.531C20.985,7.47,21.68,6.747,22.23,5.924z\"><\/path><\/svg><span class=\"wp-block-social-link-label screen-reader-text\">Twitter<\/span><\/a><\/li><\/ul>\n<\/div>\n<\/div>\n\n\n\n<p><\/p>\n<\/div><\/div>\n\n\n\n<div id=\"fb-root\"><\/div>\n<script async defer crossorigin=\"anonymous\" src=\"https:\/\/connect.facebook.net\/es_LA\/sdk.js#xfbml=1&#038;version=v14.0\" nonce=\"qCmBLWtF\"><\/script>\n\n\n\n<div class=\"wp-block-cover alignfull\" style=\"min-height:600px;aspect-ratio:unset;\"><span aria-hidden=\"true\" class=\"wp-block-cover__background has-nv-dark-bg-background-color has-background-dim-100 has-background-dim\"><\/span><div class=\"wp-block-cover__inner-container is-layout-flow wp-block-cover-is-layout-flow\">\n<div class=\"wp-block-group\"><div class=\"wp-block-group__inner-container is-layout-flow wp-block-group-is-layout-flow\">\n<div style=\"height:40px\" aria-hidden=\"true\" class=\"wp-block-spacer\"><\/div>\n\n\n\n<div class=\"wp-block-columns are-vertically-aligned-center is-layout-flex wp-container-core-columns-is-layout-7 wp-block-columns-is-layout-flex\">\n<div class=\"wp-block-column is-vertically-aligned-center is-layout-flow wp-block-column-is-layout-flow\" style=\"flex-basis:50%\">\n<iframe src=\"https:\/\/www.google.com\/maps\/embed?pb=!1m18!1m12!1m3!1d3948.473538782976!2d-73.36173878589899!3d8.255572002896638!2m3!1f0!2f0!3f0!3m2!1i1024!2i768!4f13.1!3m3!1m2!1s0x8e677b19a2bd0183%3A0x1bd1f7048c85a9d7!2sSede%20la%20Primavera%20UFPSO!5e0!3m2!1ses!2sco!4v1638457594327!5m2!1ses!2sco\" width=\"400\" height=\"300\" style=\"border:0;\" allowfullscreen=\"\" loading=\"lazy\"><\/iframe>\n<\/div>\n\n\n\n<div class=\"wp-block-column is-layout-flow wp-block-column-is-layout-flow\" style=\"flex-basis:50%\">\n<h2 class=\"wp-block-heading\"><mark style=\"background-color:rgba(0, 0, 0, 0);color:#ffffff\" class=\"has-inline-color\"><strong>DIRECCI\u00d3N<\/strong><\/mark><\/h2>\n\n\n\n<div class=\"wp-block-columns is-layout-flex wp-container-core-columns-is-layout-6 wp-block-columns-is-layout-flex\">\n<div class=\"wp-block-column has-nv-site-bg-color has-text-color is-layout-flow wp-block-column-is-layout-flow\">\n<p class=\"has-nv-light-bg-color has-text-color\" id=\"block-79515636-a516-4385-8cb5-8bf93e112b89\">Universidad Francisco de<em> <\/em>Paula Santander Oca\u00f1a, Sede la Primavera.<br>Avenida Francisco Fern\u00e1ndez de Contreras.<\/p>\n<\/div>\n<\/div>\n\n\n\n<p><\/p>\n<\/div>\n<\/div>\n\n\n\n<figure class=\"wp-block-pullquote alignwide is-style-default has-border-color has-nv-text-dark-bg-color has-text-color\" style=\"border-color:var(--nv-primary-accent)\"><blockquote><p>Correo electr\u00f3nico<\/p><cite>observatorioderechoshumanos@ufpso.edu.co<\/cite><\/blockquote><\/figure>\n\n\n\n<p><\/p>\n<\/div><\/div>\n<\/div><\/div>\n\n\n\n<p><\/p>\n","protected":false},"excerpt":{"rendered":"<p>\u00c1rea T\u00e9cnica Almacenar, clasificar y consultar de manera permanente las bases de datos para elaborar recomendaciones y estructurar oportunidades de mejora en la construcci\u00f3n de pol\u00edticas p\u00fablicas de la regi\u00f3n. Investigaci\u00f3n Proponer opciones jur\u00eddicas y pol\u00edticas que permitan mitigar los factores que facilitan la realizaci\u00f3n de actos atentatorios contra los Derechos Humanos de la poblaci\u00f3n&hellip;&nbsp;<a href=\"https:\/\/obsddhh.ufpso.edu.co\/\" class=\"\" rel=\"bookmark\">Leer m\u00e1s &raquo;<span class=\"screen-reader-text\">Inicio<\/span><\/a><\/p>\n","protected":false},"author":1,"featured_media":0,"parent":0,"menu_order":0,"comment_status":"closed","ping_status":"closed","template":"","meta":{"neve_meta_sidebar":"default","neve_meta_container":"default","neve_meta_enable_content_width":"on","neve_meta_content_width":100,"neve_meta_title_alignment":"","neve_meta_author_avatar":"","neve_post_elements_order":"","neve_meta_disable_header":"","neve_meta_disable_footer":"","neve_meta_disable_title":"on","footnotes":""},"class_list":["post-3892","page","type-page","status-publish","hentry"],"_links":{"self":[{"href":"https:\/\/obsddhh.ufpso.edu.co\/index.php?rest_route=\/wp\/v2\/pages\/3892","targetHints":{"allow":["GET"]}}],"collection":[{"href":"https:\/\/obsddhh.ufpso.edu.co\/index.php?rest_route=\/wp\/v2\/pages"}],"about":[{"href":"https:\/\/obsddhh.ufpso.edu.co\/index.php?rest_route=\/wp\/v2\/types\/page"}],"author":[{"embeddable":true,"href":"https:\/\/obsddhh.ufpso.edu.co\/index.php?rest_route=\/wp\/v2\/users\/1"}],"replies":[{"embeddable":true,"href":"https:\/\/obsddhh.ufpso.edu.co\/index.php?rest_route=%2Fwp%2Fv2%2Fcomments&post=3892"}],"version-history":[{"count":41,"href":"https:\/\/obsddhh.ufpso.edu.co\/index.php?rest_route=\/wp\/v2\/pages\/3892\/revisions"}],"predecessor-version":[{"id":4137,"href":"https:\/\/obsddhh.ufpso.edu.co\/index.php?rest_route=\/wp\/v2\/pages\/3892\/revisions\/4137"}],"wp:attachment":[{"href":"https:\/\/obsddhh.ufpso.edu.co\/index.php?rest_route=%2Fwp%2Fv2%2Fmedia&parent=3892"}],"curies":[{"name":"wp","href":"https:\/\/api.w.org\/{rel}","templated":true}]}}