{"id":4262,"date":"2024-11-10T11:21:04","date_gmt":"2024-11-10T16:21:04","guid":{"rendered":"https:\/\/obsddhh.ufpso.edu.co\/?page_id=4262"},"modified":"2024-11-10T11:21:04","modified_gmt":"2024-11-10T16:21:04","slug":"gisoju","status":"publish","type":"page","link":"https:\/\/obsddhh.ufpso.edu.co\/?page_id=4262","title":{"rendered":"Gisoju"},"content":{"rendered":"<div class=\"wp-block-image\">\n<figure class=\"aligncenter size-full is-resized\"><img loading=\"lazy\" decoding=\"async\" width=\"395\" height=\"355\" src=\"https:\/\/obsddhh.ufpso.edu.co\/wp-content\/uploads\/2024\/11\/gisoju.png\" alt=\"\" class=\"wp-image-4286\" style=\"width:161px;height:auto\" srcset=\"https:\/\/obsddhh.ufpso.edu.co\/wp-content\/uploads\/2024\/11\/gisoju.png 395w, https:\/\/obsddhh.ufpso.edu.co\/wp-content\/uploads\/2024\/11\/gisoju-300x270.png 300w\" sizes=\"auto, (max-width: 395px) 100vw, 395px\" \/><\/figure><\/div>\n\n\n<p class=\"has-text-align-center\"><strong><mark style=\"background-color:rgba(0, 0, 0, 0)\" class=\"has-inline-color has-neve-link-color-color\"><em>Semilleros de investigaci\u00f3n: una estrategia formativa<\/em><\/mark><\/strong><\/p>\n\n\n\n<p class=\"has-text-align-center\">Organigrama del semillero<\/p>\n\n\n<div class=\"wp-block-image\">\n<figure class=\"aligncenter size-large is-resized\"><img loading=\"lazy\" decoding=\"async\" width=\"1024\" height=\"791\" src=\"https:\/\/obsddhh.ufpso.edu.co\/wp-content\/uploads\/2024\/11\/GISOJU_-1-1024x791.jpg\" alt=\"\" class=\"wp-image-4265\" style=\"width:628px;height:auto\" srcset=\"https:\/\/obsddhh.ufpso.edu.co\/wp-content\/uploads\/2024\/11\/GISOJU_-1-1024x791.jpg 1024w, https:\/\/obsddhh.ufpso.edu.co\/wp-content\/uploads\/2024\/11\/GISOJU_-1-300x232.jpg 300w, https:\/\/obsddhh.ufpso.edu.co\/wp-content\/uploads\/2024\/11\/GISOJU_-1-768x593.jpg 768w, https:\/\/obsddhh.ufpso.edu.co\/wp-content\/uploads\/2024\/11\/GISOJU_-1-1536x1187.jpg 1536w, https:\/\/obsddhh.ufpso.edu.co\/wp-content\/uploads\/2024\/11\/GISOJU_-1.jpg 1650w\" sizes=\"auto, (max-width: 1024px) 100vw, 1024px\" \/><\/figure><\/div>\n\n\n<p class=\"has-text-align-center\"><strong>Galer\u00eda<\/strong><\/p>\n\n\n\n<ul class=\"wp-block-list\">\n<li>Infograf\u00edas<\/li>\n\n\n\n<li>Jornada de socializaci\u00f3n semillero<\/li>\n\n\n\n<li>Convocatoria masiva de semilleros<\/li>\n\n\n\n<li>Taller de oratoria<\/li>\n\n\n\n<li>Entrenamiento b\u00fasqueda en base de datos(wikis)<\/li>\n\n\n\n<li>Formulaci\u00f3n de proyectos de investigaci\u00f3n<\/li>\n\n\n\n<li>Escritura cient\u00edfica<\/li>\n\n\n\n<li>Est\u00edmulos e incentivos<\/li>\n<\/ul>\n\n\n\n<p><\/p>\n\n\n\n<div class=\"wp-block-jetpack-slideshow aligncenter\" data-effect=\"slide\"><div class=\"wp-block-jetpack-slideshow_container swiper-container\"><ul class=\"wp-block-jetpack-slideshow_swiper-wrapper swiper-wrapper\"><li class=\"wp-block-jetpack-slideshow_slide swiper-slide\"><figure><img loading=\"lazy\" decoding=\"async\" width=\"1024\" height=\"1024\" alt=\"\" class=\"wp-block-jetpack-slideshow_image wp-image-4279\" data-id=\"4279\" src=\"https:\/\/obsddhh.ufpso.edu.co\/wp-content\/uploads\/2024\/11\/Market-1024x1024.png\" srcset=\"https:\/\/obsddhh.ufpso.edu.co\/wp-content\/uploads\/2024\/11\/Market-1024x1024.png 1024w, https:\/\/obsddhh.ufpso.edu.co\/wp-content\/uploads\/2024\/11\/Market-300x300.png 300w, https:\/\/obsddhh.ufpso.edu.co\/wp-content\/uploads\/2024\/11\/Market-150x150.png 150w, https:\/\/obsddhh.ufpso.edu.co\/wp-content\/uploads\/2024\/11\/Market-768x768.png 768w, https:\/\/obsddhh.ufpso.edu.co\/wp-content\/uploads\/2024\/11\/Market-50x50.png 50w, https:\/\/obsddhh.ufpso.edu.co\/wp-content\/uploads\/2024\/11\/Market.png 1080w\" sizes=\"auto, (max-width: 1024px) 100vw, 1024px\" \/><\/figure><\/li><li class=\"wp-block-jetpack-slideshow_slide swiper-slide\"><figure><img loading=\"lazy\" decoding=\"async\" width=\"1024\" height=\"1024\" alt=\"\" class=\"wp-block-jetpack-slideshow_image wp-image-4266\" data-id=\"4266\" src=\"https:\/\/obsddhh.ufpso.edu.co\/wp-content\/uploads\/2024\/11\/IMG-20230926-WA0049-1024x1024.jpg\" srcset=\"https:\/\/obsddhh.ufpso.edu.co\/wp-content\/uploads\/2024\/11\/IMG-20230926-WA0049-1024x1024.jpg 1024w, https:\/\/obsddhh.ufpso.edu.co\/wp-content\/uploads\/2024\/11\/IMG-20230926-WA0049-300x300.jpg 300w, https:\/\/obsddhh.ufpso.edu.co\/wp-content\/uploads\/2024\/11\/IMG-20230926-WA0049-150x150.jpg 150w, https:\/\/obsddhh.ufpso.edu.co\/wp-content\/uploads\/2024\/11\/IMG-20230926-WA0049-768x768.jpg 768w, https:\/\/obsddhh.ufpso.edu.co\/wp-content\/uploads\/2024\/11\/IMG-20230926-WA0049-1536x1536.jpg 1536w, https:\/\/obsddhh.ufpso.edu.co\/wp-content\/uploads\/2024\/11\/IMG-20230926-WA0049-50x50.jpg 50w, https:\/\/obsddhh.ufpso.edu.co\/wp-content\/uploads\/2024\/11\/IMG-20230926-WA0049.jpg 1600w\" sizes=\"auto, (max-width: 1024px) 100vw, 1024px\" \/><\/figure><\/li><li class=\"wp-block-jetpack-slideshow_slide swiper-slide\"><figure><img loading=\"lazy\" decoding=\"async\" width=\"1024\" height=\"1024\" alt=\"\" class=\"wp-block-jetpack-slideshow_image wp-image-4282\" data-id=\"4282\" src=\"https:\/\/obsddhh.ufpso.edu.co\/wp-content\/uploads\/2024\/11\/PHOTO-2024-09-12-19-17-32-1024x1024.jpg\" srcset=\"https:\/\/obsddhh.ufpso.edu.co\/wp-content\/uploads\/2024\/11\/PHOTO-2024-09-12-19-17-32-1024x1024.jpg 1024w, https:\/\/obsddhh.ufpso.edu.co\/wp-content\/uploads\/2024\/11\/PHOTO-2024-09-12-19-17-32-300x300.jpg 300w, https:\/\/obsddhh.ufpso.edu.co\/wp-content\/uploads\/2024\/11\/PHOTO-2024-09-12-19-17-32-150x150.jpg 150w, https:\/\/obsddhh.ufpso.edu.co\/wp-content\/uploads\/2024\/11\/PHOTO-2024-09-12-19-17-32-768x768.jpg 768w, https:\/\/obsddhh.ufpso.edu.co\/wp-content\/uploads\/2024\/11\/PHOTO-2024-09-12-19-17-32-50x50.jpg 50w, https:\/\/obsddhh.ufpso.edu.co\/wp-content\/uploads\/2024\/11\/PHOTO-2024-09-12-19-17-32.jpg 1080w\" sizes=\"auto, (max-width: 1024px) 100vw, 1024px\" \/><\/figure><\/li><li class=\"wp-block-jetpack-slideshow_slide swiper-slide\"><figure><img loading=\"lazy\" decoding=\"async\" width=\"1024\" height=\"1024\" alt=\"\" class=\"wp-block-jetpack-slideshow_image wp-image-4283\" data-id=\"4283\" src=\"https:\/\/obsddhh.ufpso.edu.co\/wp-content\/uploads\/2024\/11\/PHOTO-2024-10-29-18-09-35-1024x1024.jpg\" srcset=\"https:\/\/obsddhh.ufpso.edu.co\/wp-content\/uploads\/2024\/11\/PHOTO-2024-10-29-18-09-35-1024x1024.jpg 1024w, https:\/\/obsddhh.ufpso.edu.co\/wp-content\/uploads\/2024\/11\/PHOTO-2024-10-29-18-09-35-300x300.jpg 300w, https:\/\/obsddhh.ufpso.edu.co\/wp-content\/uploads\/2024\/11\/PHOTO-2024-10-29-18-09-35-150x150.jpg 150w, https:\/\/obsddhh.ufpso.edu.co\/wp-content\/uploads\/2024\/11\/PHOTO-2024-10-29-18-09-35-768x768.jpg 768w, https:\/\/obsddhh.ufpso.edu.co\/wp-content\/uploads\/2024\/11\/PHOTO-2024-10-29-18-09-35-50x50.jpg 50w, https:\/\/obsddhh.ufpso.edu.co\/wp-content\/uploads\/2024\/11\/PHOTO-2024-10-29-18-09-35.jpg 1080w\" sizes=\"auto, (max-width: 1024px) 100vw, 1024px\" \/><\/figure><\/li><li class=\"wp-block-jetpack-slideshow_slide swiper-slide\"><figure><img loading=\"lazy\" decoding=\"async\" width=\"1024\" height=\"766\" alt=\"\" class=\"wp-block-jetpack-slideshow_image wp-image-4284\" data-id=\"4284\" src=\"https:\/\/obsddhh.ufpso.edu.co\/wp-content\/uploads\/2024\/11\/WhatsApp-Image-2023-05-23-at-3.27.17-PM-3-1-1024x766.jpeg\" srcset=\"https:\/\/obsddhh.ufpso.edu.co\/wp-content\/uploads\/2024\/11\/WhatsApp-Image-2023-05-23-at-3.27.17-PM-3-1-1024x766.jpeg 1024w, https:\/\/obsddhh.ufpso.edu.co\/wp-content\/uploads\/2024\/11\/WhatsApp-Image-2023-05-23-at-3.27.17-PM-3-1-300x224.jpeg 300w, https:\/\/obsddhh.ufpso.edu.co\/wp-content\/uploads\/2024\/11\/WhatsApp-Image-2023-05-23-at-3.27.17-PM-3-1-768x575.jpeg 768w, https:\/\/obsddhh.ufpso.edu.co\/wp-content\/uploads\/2024\/11\/WhatsApp-Image-2023-05-23-at-3.27.17-PM-3-1-1536x1149.jpeg 1536w, https:\/\/obsddhh.ufpso.edu.co\/wp-content\/uploads\/2024\/11\/WhatsApp-Image-2023-05-23-at-3.27.17-PM-3-1.jpeg 1600w\" sizes=\"auto, (max-width: 1024px) 100vw, 1024px\" \/><\/figure><\/li><li class=\"wp-block-jetpack-slideshow_slide swiper-slide\"><figure><img loading=\"lazy\" decoding=\"async\" width=\"724\" height=\"1024\" alt=\"\" class=\"wp-block-jetpack-slideshow_image wp-image-4285\" data-id=\"4285\" src=\"https:\/\/obsddhh.ufpso.edu.co\/wp-content\/uploads\/2024\/11\/310635383_1379492022579611_2550381847580609352_n-1-724x1024.jpg\" srcset=\"https:\/\/obsddhh.ufpso.edu.co\/wp-content\/uploads\/2024\/11\/310635383_1379492022579611_2550381847580609352_n-1-724x1024.jpg 724w, https:\/\/obsddhh.ufpso.edu.co\/wp-content\/uploads\/2024\/11\/310635383_1379492022579611_2550381847580609352_n-1-212x300.jpg 212w, https:\/\/obsddhh.ufpso.edu.co\/wp-content\/uploads\/2024\/11\/310635383_1379492022579611_2550381847580609352_n-1-768x1086.jpg 768w, https:\/\/obsddhh.ufpso.edu.co\/wp-content\/uploads\/2024\/11\/310635383_1379492022579611_2550381847580609352_n-1-1086x1536.jpg 1086w, https:\/\/obsddhh.ufpso.edu.co\/wp-content\/uploads\/2024\/11\/310635383_1379492022579611_2550381847580609352_n-1.jpg 1414w\" sizes=\"auto, (max-width: 724px) 100vw, 724px\" \/><\/figure><\/li><li class=\"wp-block-jetpack-slideshow_slide swiper-slide\"><figure><img loading=\"lazy\" decoding=\"async\" width=\"940\" height=\"788\" alt=\"\" class=\"wp-block-jetpack-slideshow_image wp-image-4267\" data-id=\"4267\" src=\"https:\/\/obsddhh.ufpso.edu.co\/wp-content\/uploads\/2024\/11\/310585959_1381288035733343_3456706635532916578_n-1.jpg\" srcset=\"https:\/\/obsddhh.ufpso.edu.co\/wp-content\/uploads\/2024\/11\/310585959_1381288035733343_3456706635532916578_n-1.jpg 940w, https:\/\/obsddhh.ufpso.edu.co\/wp-content\/uploads\/2024\/11\/310585959_1381288035733343_3456706635532916578_n-1-300x251.jpg 300w, https:\/\/obsddhh.ufpso.edu.co\/wp-content\/uploads\/2024\/11\/310585959_1381288035733343_3456706635532916578_n-1-768x644.jpg 768w\" sizes=\"auto, (max-width: 940px) 100vw, 940px\" \/><\/figure><\/li><li class=\"wp-block-jetpack-slideshow_slide swiper-slide\"><figure><img loading=\"lazy\" decoding=\"async\" width=\"726\" height=\"1024\" alt=\"\" class=\"wp-block-jetpack-slideshow_image wp-image-4269\" data-id=\"4269\" src=\"https:\/\/obsddhh.ufpso.edu.co\/wp-content\/uploads\/2024\/11\/287766117_1302567433605404_8254174392456173247_n-1.jpg\" srcset=\"https:\/\/obsddhh.ufpso.edu.co\/wp-content\/uploads\/2024\/11\/287766117_1302567433605404_8254174392456173247_n-1.jpg 726w, https:\/\/obsddhh.ufpso.edu.co\/wp-content\/uploads\/2024\/11\/287766117_1302567433605404_8254174392456173247_n-1-213x300.jpg 213w\" sizes=\"auto, (max-width: 726px) 100vw, 726px\" \/><\/figure><\/li><li class=\"wp-block-jetpack-slideshow_slide swiper-slide\"><figure><img loading=\"lazy\" decoding=\"async\" width=\"940\" height=\"788\" alt=\"\" class=\"wp-block-jetpack-slideshow_image wp-image-4268\" data-id=\"4268\" src=\"https:\/\/obsddhh.ufpso.edu.co\/wp-content\/uploads\/2024\/11\/305052498_1360758907786256_3403868491647146123_n-1-1.jpg\" srcset=\"https:\/\/obsddhh.ufpso.edu.co\/wp-content\/uploads\/2024\/11\/305052498_1360758907786256_3403868491647146123_n-1-1.jpg 940w, https:\/\/obsddhh.ufpso.edu.co\/wp-content\/uploads\/2024\/11\/305052498_1360758907786256_3403868491647146123_n-1-1-300x251.jpg 300w, https:\/\/obsddhh.ufpso.edu.co\/wp-content\/uploads\/2024\/11\/305052498_1360758907786256_3403868491647146123_n-1-1-768x644.jpg 768w\" sizes=\"auto, (max-width: 940px) 100vw, 940px\" \/><\/figure><\/li><li class=\"wp-block-jetpack-slideshow_slide swiper-slide\"><figure><img loading=\"lazy\" decoding=\"async\" width=\"1024\" height=\"1024\" alt=\"\" class=\"wp-block-jetpack-slideshow_image wp-image-4270\" data-id=\"4270\" src=\"https:\/\/obsddhh.ufpso.edu.co\/wp-content\/uploads\/2024\/11\/tertulia-MBU-1024x1024.jpg\" srcset=\"https:\/\/obsddhh.ufpso.edu.co\/wp-content\/uploads\/2024\/11\/tertulia-MBU-1024x1024.jpg 1024w, https:\/\/obsddhh.ufpso.edu.co\/wp-content\/uploads\/2024\/11\/tertulia-MBU-300x300.jpg 300w, https:\/\/obsddhh.ufpso.edu.co\/wp-content\/uploads\/2024\/11\/tertulia-MBU-150x150.jpg 150w, https:\/\/obsddhh.ufpso.edu.co\/wp-content\/uploads\/2024\/11\/tertulia-MBU-768x768.jpg 768w, https:\/\/obsddhh.ufpso.edu.co\/wp-content\/uploads\/2024\/11\/tertulia-MBU-1536x1536.jpg 1536w, https:\/\/obsddhh.ufpso.edu.co\/wp-content\/uploads\/2024\/11\/tertulia-MBU-50x50.jpg 50w, https:\/\/obsddhh.ufpso.edu.co\/wp-content\/uploads\/2024\/11\/tertulia-MBU.jpg 1600w\" sizes=\"auto, (max-width: 1024px) 100vw, 1024px\" \/><\/figure><\/li><li class=\"wp-block-jetpack-slideshow_slide swiper-slide\"><figure><img loading=\"lazy\" decoding=\"async\" width=\"1024\" height=\"1024\" alt=\"\" class=\"wp-block-jetpack-slideshow_image wp-image-4271\" data-id=\"4271\" src=\"https:\/\/obsddhh.ufpso.edu.co\/wp-content\/uploads\/2024\/11\/IMG-20230907-WA0084-1024x1024.jpg\" srcset=\"https:\/\/obsddhh.ufpso.edu.co\/wp-content\/uploads\/2024\/11\/IMG-20230907-WA0084-1024x1024.jpg 1024w, https:\/\/obsddhh.ufpso.edu.co\/wp-content\/uploads\/2024\/11\/IMG-20230907-WA0084-300x300.jpg 300w, https:\/\/obsddhh.ufpso.edu.co\/wp-content\/uploads\/2024\/11\/IMG-20230907-WA0084-150x150.jpg 150w, https:\/\/obsddhh.ufpso.edu.co\/wp-content\/uploads\/2024\/11\/IMG-20230907-WA0084-768x768.jpg 768w, https:\/\/obsddhh.ufpso.edu.co\/wp-content\/uploads\/2024\/11\/IMG-20230907-WA0084-1536x1536.jpg 1536w, https:\/\/obsddhh.ufpso.edu.co\/wp-content\/uploads\/2024\/11\/IMG-20230907-WA0084-50x50.jpg 50w, https:\/\/obsddhh.ufpso.edu.co\/wp-content\/uploads\/2024\/11\/IMG-20230907-WA0084.jpg 1600w\" sizes=\"auto, (max-width: 1024px) 100vw, 1024px\" \/><\/figure><\/li><li class=\"wp-block-jetpack-slideshow_slide swiper-slide\"><figure><img loading=\"lazy\" decoding=\"async\" width=\"1024\" height=\"768\" alt=\"\" class=\"wp-block-jetpack-slideshow_image wp-image-4272\" data-id=\"4272\" src=\"https:\/\/obsddhh.ufpso.edu.co\/wp-content\/uploads\/2024\/11\/IMG-20230913-WA0107-1-1024x768.jpg\" srcset=\"https:\/\/obsddhh.ufpso.edu.co\/wp-content\/uploads\/2024\/11\/IMG-20230913-WA0107-1-1024x768.jpg 1024w, https:\/\/obsddhh.ufpso.edu.co\/wp-content\/uploads\/2024\/11\/IMG-20230913-WA0107-1-300x225.jpg 300w, https:\/\/obsddhh.ufpso.edu.co\/wp-content\/uploads\/2024\/11\/IMG-20230913-WA0107-1-768x576.jpg 768w, https:\/\/obsddhh.ufpso.edu.co\/wp-content\/uploads\/2024\/11\/IMG-20230913-WA0107-1-1536x1152.jpg 1536w, https:\/\/obsddhh.ufpso.edu.co\/wp-content\/uploads\/2024\/11\/IMG-20230913-WA0107-1.jpg 1600w\" sizes=\"auto, (max-width: 1024px) 100vw, 1024px\" \/><\/figure><\/li><li class=\"wp-block-jetpack-slideshow_slide swiper-slide\"><figure><img loading=\"lazy\" decoding=\"async\" width=\"1024\" height=\"768\" alt=\"\" class=\"wp-block-jetpack-slideshow_image wp-image-4274\" data-id=\"4274\" src=\"https:\/\/obsddhh.ufpso.edu.co\/wp-content\/uploads\/2024\/11\/IMG-20231013-WA0111-1-1024x768.jpg\" srcset=\"https:\/\/obsddhh.ufpso.edu.co\/wp-content\/uploads\/2024\/11\/IMG-20231013-WA0111-1-1024x768.jpg 1024w, https:\/\/obsddhh.ufpso.edu.co\/wp-content\/uploads\/2024\/11\/IMG-20231013-WA0111-1-300x225.jpg 300w, https:\/\/obsddhh.ufpso.edu.co\/wp-content\/uploads\/2024\/11\/IMG-20231013-WA0111-1-768x576.jpg 768w, https:\/\/obsddhh.ufpso.edu.co\/wp-content\/uploads\/2024\/11\/IMG-20231013-WA0111-1-1536x1152.jpg 1536w, https:\/\/obsddhh.ufpso.edu.co\/wp-content\/uploads\/2024\/11\/IMG-20231013-WA0111-1.jpg 1600w\" sizes=\"auto, (max-width: 1024px) 100vw, 1024px\" \/><\/figure><\/li><li class=\"wp-block-jetpack-slideshow_slide swiper-slide\"><figure><img loading=\"lazy\" decoding=\"async\" width=\"1024\" height=\"768\" alt=\"\" class=\"wp-block-jetpack-slideshow_image wp-image-4273\" data-id=\"4273\" src=\"https:\/\/obsddhh.ufpso.edu.co\/wp-content\/uploads\/2024\/11\/IMG-20231012-WA0095-1.jpg\" srcset=\"https:\/\/obsddhh.ufpso.edu.co\/wp-content\/uploads\/2024\/11\/IMG-20231012-WA0095-1.jpg 1024w, https:\/\/obsddhh.ufpso.edu.co\/wp-content\/uploads\/2024\/11\/IMG-20231012-WA0095-1-300x225.jpg 300w, https:\/\/obsddhh.ufpso.edu.co\/wp-content\/uploads\/2024\/11\/IMG-20231012-WA0095-1-768x576.jpg 768w\" sizes=\"auto, (max-width: 1024px) 100vw, 1024px\" \/><\/figure><\/li><li class=\"wp-block-jetpack-slideshow_slide swiper-slide\"><figure><img loading=\"lazy\" decoding=\"async\" width=\"1024\" height=\"768\" alt=\"\" class=\"wp-block-jetpack-slideshow_image wp-image-4275\" data-id=\"4275\" src=\"https:\/\/obsddhh.ufpso.edu.co\/wp-content\/uploads\/2024\/11\/IMG-20231012-WA0105-1.jpg\" srcset=\"https:\/\/obsddhh.ufpso.edu.co\/wp-content\/uploads\/2024\/11\/IMG-20231012-WA0105-1.jpg 1024w, https:\/\/obsddhh.ufpso.edu.co\/wp-content\/uploads\/2024\/11\/IMG-20231012-WA0105-1-300x225.jpg 300w, https:\/\/obsddhh.ufpso.edu.co\/wp-content\/uploads\/2024\/11\/IMG-20231012-WA0105-1-768x576.jpg 768w\" sizes=\"auto, (max-width: 1024px) 100vw, 1024px\" \/><\/figure><\/li><li class=\"wp-block-jetpack-slideshow_slide swiper-slide\"><figure><img loading=\"lazy\" decoding=\"async\" width=\"768\" height=\"1024\" alt=\"\" class=\"wp-block-jetpack-slideshow_image wp-image-4276\" data-id=\"4276\" src=\"https:\/\/obsddhh.ufpso.edu.co\/wp-content\/uploads\/2024\/11\/IMG-20231012-WA0141-1-768x1024.jpg\" srcset=\"https:\/\/obsddhh.ufpso.edu.co\/wp-content\/uploads\/2024\/11\/IMG-20231012-WA0141-1-768x1024.jpg 768w, https:\/\/obsddhh.ufpso.edu.co\/wp-content\/uploads\/2024\/11\/IMG-20231012-WA0141-1-225x300.jpg 225w, https:\/\/obsddhh.ufpso.edu.co\/wp-content\/uploads\/2024\/11\/IMG-20231012-WA0141-1-1152x1536.jpg 1152w, https:\/\/obsddhh.ufpso.edu.co\/wp-content\/uploads\/2024\/11\/IMG-20231012-WA0141-1.jpg 1200w\" sizes=\"auto, (max-width: 768px) 100vw, 768px\" \/><\/figure><\/li><li class=\"wp-block-jetpack-slideshow_slide swiper-slide\"><figure><img loading=\"lazy\" decoding=\"async\" width=\"768\" height=\"1024\" alt=\"\" class=\"wp-block-jetpack-slideshow_image wp-image-4277\" data-id=\"4277\" src=\"https:\/\/obsddhh.ufpso.edu.co\/wp-content\/uploads\/2024\/11\/IMG-20231012-WA0139-1-768x1024.jpg\" srcset=\"https:\/\/obsddhh.ufpso.edu.co\/wp-content\/uploads\/2024\/11\/IMG-20231012-WA0139-1-768x1024.jpg 768w, https:\/\/obsddhh.ufpso.edu.co\/wp-content\/uploads\/2024\/11\/IMG-20231012-WA0139-1-225x300.jpg 225w, https:\/\/obsddhh.ufpso.edu.co\/wp-content\/uploads\/2024\/11\/IMG-20231012-WA0139-1-1152x1536.jpg 1152w, https:\/\/obsddhh.ufpso.edu.co\/wp-content\/uploads\/2024\/11\/IMG-20231012-WA0139-1.jpg 1200w\" sizes=\"auto, (max-width: 768px) 100vw, 768px\" \/><\/figure><\/li><li class=\"wp-block-jetpack-slideshow_slide swiper-slide\"><figure><img loading=\"lazy\" decoding=\"async\" width=\"768\" height=\"1024\" alt=\"\" class=\"wp-block-jetpack-slideshow_image wp-image-4278\" data-id=\"4278\" src=\"https:\/\/obsddhh.ufpso.edu.co\/wp-content\/uploads\/2024\/11\/IMG-20231011-WA0114-1-768x1024.jpg\" srcset=\"https:\/\/obsddhh.ufpso.edu.co\/wp-content\/uploads\/2024\/11\/IMG-20231011-WA0114-1-768x1024.jpg 768w, https:\/\/obsddhh.ufpso.edu.co\/wp-content\/uploads\/2024\/11\/IMG-20231011-WA0114-1-225x300.jpg 225w, https:\/\/obsddhh.ufpso.edu.co\/wp-content\/uploads\/2024\/11\/IMG-20231011-WA0114-1-1152x1536.jpg 1152w, https:\/\/obsddhh.ufpso.edu.co\/wp-content\/uploads\/2024\/11\/IMG-20231011-WA0114-1.jpg 1200w\" sizes=\"auto, (max-width: 768px) 100vw, 768px\" \/><\/figure><\/li><li class=\"wp-block-jetpack-slideshow_slide swiper-slide\"><figure><img loading=\"lazy\" decoding=\"async\" width=\"576\" height=\"1024\" alt=\"\" class=\"wp-block-jetpack-slideshow_image wp-image-4281\" data-id=\"4281\" src=\"https:\/\/obsddhh.ufpso.edu.co\/wp-content\/uploads\/2024\/11\/Semilleros-Derecho-2024-1-576x1024.png\" srcset=\"https:\/\/obsddhh.ufpso.edu.co\/wp-content\/uploads\/2024\/11\/Semilleros-Derecho-2024-1-576x1024.png 576w, https:\/\/obsddhh.ufpso.edu.co\/wp-content\/uploads\/2024\/11\/Semilleros-Derecho-2024-1-169x300.png 169w, https:\/\/obsddhh.ufpso.edu.co\/wp-content\/uploads\/2024\/11\/Semilleros-Derecho-2024-1-768x1365.png 768w, https:\/\/obsddhh.ufpso.edu.co\/wp-content\/uploads\/2024\/11\/Semilleros-Derecho-2024-1-864x1536.png 864w, https:\/\/obsddhh.ufpso.edu.co\/wp-content\/uploads\/2024\/11\/Semilleros-Derecho-2024-1.png 1080w\" sizes=\"auto, (max-width: 576px) 100vw, 576px\" \/><\/figure><\/li><li class=\"wp-block-jetpack-slideshow_slide swiper-slide\"><figure><img loading=\"lazy\" decoding=\"async\" width=\"1024\" height=\"1024\" alt=\"\" class=\"wp-block-jetpack-slideshow_image wp-image-4280\" data-id=\"4280\" src=\"https:\/\/obsddhh.ufpso.edu.co\/wp-content\/uploads\/2024\/11\/PHOTO-2024-08-20-09-11-44-1-1024x1024.jpg\" srcset=\"https:\/\/obsddhh.ufpso.edu.co\/wp-content\/uploads\/2024\/11\/PHOTO-2024-08-20-09-11-44-1-1024x1024.jpg 1024w, https:\/\/obsddhh.ufpso.edu.co\/wp-content\/uploads\/2024\/11\/PHOTO-2024-08-20-09-11-44-1-300x300.jpg 300w, https:\/\/obsddhh.ufpso.edu.co\/wp-content\/uploads\/2024\/11\/PHOTO-2024-08-20-09-11-44-1-150x150.jpg 150w, https:\/\/obsddhh.ufpso.edu.co\/wp-content\/uploads\/2024\/11\/PHOTO-2024-08-20-09-11-44-1-768x768.jpg 768w, https:\/\/obsddhh.ufpso.edu.co\/wp-content\/uploads\/2024\/11\/PHOTO-2024-08-20-09-11-44-1-50x50.jpg 50w, https:\/\/obsddhh.ufpso.edu.co\/wp-content\/uploads\/2024\/11\/PHOTO-2024-08-20-09-11-44-1.jpg 1080w\" sizes=\"auto, (max-width: 1024px) 100vw, 1024px\" \/><\/figure><\/li><\/ul><a class=\"wp-block-jetpack-slideshow_button-prev swiper-button-prev swiper-button-white\" role=\"button\"><\/a><a class=\"wp-block-jetpack-slideshow_button-next swiper-button-next swiper-button-white\" role=\"button\"><\/a><a aria-label=\"Pause Slideshow\" class=\"wp-block-jetpack-slideshow_button-pause\" role=\"button\"><\/a><div class=\"wp-block-jetpack-slideshow_pagination swiper-pagination swiper-pagination-white\"><\/div><\/div><\/div>\n\n\n\n<p class=\"has-text-align-center\"><strong>Repositorio acad\u00e9mico<\/strong><\/p>\n\n\n\n<p class=\"has-text-align-center\">Docentes<\/p>\n\n\n\n<figure class=\"wp-block-embed aligncenter is-type-rich is-provider-gestor-del-servicio wp-block-embed-gestor-del-servicio\"><div class=\"wp-block-embed__wrapper\">\nhttps:\/\/www.facebook.com\/UFPSO\/posts\/pfbid0Z2FDpwLKwAiXEX6RuENhSntWzTkHvthFwrC8L5DVUYpJ7mxZeGn38iXCWbWJseWjl?rdid=KXHGiSR5LqgqyMQc#\n<\/div><\/figure>\n\n\n\n<p class=\"has-text-align-center\">Semilleros<\/p>\n\n\n\n<p><\/p>\n","protected":false},"excerpt":{"rendered":"<p>Semilleros de investigaci\u00f3n: una estrategia formativa Organigrama del semillero Galer\u00eda Repositorio acad\u00e9mico Docentes Semilleros<\/p>\n","protected":false},"author":2,"featured_media":0,"parent":0,"menu_order":0,"comment_status":"closed","ping_status":"closed","template":"","meta":{"neve_meta_sidebar":"full-width","neve_meta_container":"","neve_meta_enable_content_width":"on","neve_meta_content_width":100,"neve_meta_title_alignment":"","neve_meta_author_avatar":"","neve_post_elements_order":"","neve_meta_disable_header":"","neve_meta_disable_footer":"","neve_meta_disable_title":"","footnotes":""},"class_list":["post-4262","page","type-page","status-publish","hentry"],"_links":{"self":[{"href":"https:\/\/obsddhh.ufpso.edu.co\/index.php?rest_route=\/wp\/v2\/pages\/4262","targetHints":{"allow":["GET"]}}],"collection":[{"href":"https:\/\/obsddhh.ufpso.edu.co\/index.php?rest_route=\/wp\/v2\/pages"}],"about":[{"href":"https:\/\/obsddhh.ufpso.edu.co\/index.php?rest_route=\/wp\/v2\/types\/page"}],"author":[{"embeddable":true,"href":"https:\/\/obsddhh.ufpso.edu.co\/index.php?rest_route=\/wp\/v2\/users\/2"}],"replies":[{"embeddable":true,"href":"https:\/\/obsddhh.ufpso.edu.co\/index.php?rest_route=%2Fwp%2Fv2%2Fcomments&post=4262"}],"version-history":[{"count":2,"href":"https:\/\/obsddhh.ufpso.edu.co\/index.php?rest_route=\/wp\/v2\/pages\/4262\/revisions"}],"predecessor-version":[{"id":4288,"href":"https:\/\/obsddhh.ufpso.edu.co\/index.php?rest_route=\/wp\/v2\/pages\/4262\/revisions\/4288"}],"wp:attachment":[{"href":"https:\/\/obsddhh.ufpso.edu.co\/index.php?rest_route=%2Fwp%2Fv2%2Fmedia&parent=4262"}],"curies":[{"name":"wp","href":"https:\/\/api.w.org\/{rel}","templated":true}]}}